{"id":14,"date":"2026-02-26T23:52:11","date_gmt":"2026-02-26T23:52:11","guid":{"rendered":"https:\/\/evitrol.store\/?page_id=14"},"modified":"2026-02-27T03:00:25","modified_gmt":"2026-02-27T03:00:25","slug":"juridiske-oplysninger","status":"publish","type":"page","link":"https:\/\/evitrol.store\/da\/juridiske-oplysninger\/","title":{"rendered":"Juridisk information"},"content":{"rendered":"<div data-elementor-type=\"wp-page\" data-elementor-id=\"14\" class=\"elementor elementor-14\" data-elementor-post-type=\"page\">\n\t\t\t\t<div class=\"elementor-element elementor-element-2804ede e-flex e-con-boxed e-con e-parent\" data-id=\"2804ede\" data-element_type=\"container\" data-e-type=\"container\">\n\t\t\t\t\t<div class=\"e-con-inner\">\n\t\t\t\t<div class=\"elementor-element elementor-element-fd6fe35 elementor-widget elementor-widget-heading\" data-id=\"fd6fe35\" data-element_type=\"widget\" data-e-type=\"widget\" data-widget_type=\"heading.default\">\n\t\t\t\t\t<h1 class=\"elementor-heading-title elementor-size-default\">Juridisk information<\/h1>\t\t\t\t<\/div>\n\t\t\t\t<div class=\"elementor-element elementor-element-69d7bce elementor-widget elementor-widget-text-editor\" data-id=\"69d7bce\" data-element_type=\"widget\" data-e-type=\"widget\" data-widget_type=\"text-editor.default\">\n\t\t\t\t\t\t\t\t\t<p><strong>Identifikation<\/strong><br \/>Webstedets navn: Evitrol.store<br \/>Webstedets URL: https:\/\/Evitrol.store<br \/>Ejer og publikationsansvarlig: Evitrol.store<br \/>Overnatning: Hostinger, \u0160vitrigailos g. 32, 03111 Vilnius, Litauen<\/p><p><strong>Vilk\u00e5r og betingelser for brug<\/strong><br \/>Konsultation af Evitrol.store er underlagt overholdelse af de brugsbetingelser, der er beskrevet p\u00e5 siden Generelle brugsbetingelser (GTU), som disse juridiske meddelelser er i overensstemmelse med og ikke udg\u00f8r nogen redundans.<\/p><p><strong>Affilierede links<\/strong><\/p><p>Dette websted kan indeholde affilierede links til kommercielle partnere. Det betyder, at vi kan modtage en provision, hvis du foretager et k\u00f8b via disse links, uden ekstra omkostninger for dig.<\/p><p><strong>Intellektuel ejendomsret<\/strong><br \/>Alt indhold, der offentligg\u00f8res p\u00e5 Evitrol.store, herunder tekst, billeder, grafik og logoer, er beskyttet af ophavsret. Enhver uautoriseret brug kan resultere i retslige skridt.<\/p><p><strong>Begr\u00e6nsning af ansvar<\/strong><br \/>Evitrol.store bestr\u00e6ber sig p\u00e5 at holde oplysningerne p\u00e5 webstedet opdaterede, men der kan forekomme un\u00f8jagtigheder eller udeladelser.<\/p><h4 class=\"wp-block-heading\"><strong>Politik for beskyttelse af personlige oplysninger<\/strong><\/h4><p><strong>Indsamling og brug af persondata<\/strong><br \/>De personlige data, der indsamles p\u00e5 Evitrol.store, er udelukkende beregnet til intern brug af Evitrol.store. I overensstemmelse med politikken om ikke at videres\u00e6lge oplysninger videregives disse data ikke til tredjeparter.<\/p><p><strong>Brugerrettigheder<\/strong><br \/>I overensstemmelse med reglerne har du ret til at f\u00e5 adgang til, rette og slette data om dig. Disse rettigheder kan ud\u00f8ves ved at kontakte Evitrol.store p\u00e5 den ovenfor angivne e-mailadresse.<\/p><p><strong>Sm\u00e5kager<\/strong><br \/>Politikken vedr\u00f8rende cookies er beskrevet i Evitrol.stores generelle vilk\u00e5r og betingelser for brug (GTCU). Vi bruger cookies til at forbedre din brugeroplevelse uden at s\u00e6lge nogen oplysninger.<\/p><p><strong>Hypertekstlinks og g\u00e6ldende lovgivning<\/strong><br \/>Evitrol.store kan ikke holdes ansvarlig for indholdet p\u00e5 andre websteder, der er linket til dette websted.<\/p>\t\t\t\t\t\t\t\t<\/div>\n\t\t\t\t\t<\/div>\n\t\t\t\t<\/div>\n\t\t\t\t<\/div>","protected":false},"excerpt":{"rendered":"<p>Mentions L\u00e9gales IdentificationNom du site web : Evitrol.storeURL du site : https:\/\/Evitrol.storePropri\u00e9taire et responsable de la publication : Evitrol.storeH\u00e9bergement : Hostinger, \u0160vitrigailos g. 32, 03111 Vilnius, Lituanie Conditions d\u2019utilisationLa consultation de Evitrol.store est soumise au respect des conditions d\u2019utilisation d\u00e9crites dans la page des Conditions G\u00e9n\u00e9rales d\u2019Utilisation (CGU), avec lesquelles ces mentions l\u00e9gales sont coh\u00e9rentes [&hellip;]<\/p>\n","protected":false},"author":1,"featured_media":0,"parent":0,"menu_order":0,"comment_status":"closed","ping_status":"closed","template":"","meta":{"footnotes":""},"class_list":["post-14","page","type-page","status-publish","hentry"],"_hostinger_reach_plugin_has_subscription_block":false,"_hostinger_reach_plugin_is_elementor":false,"_links":{"self":[{"href":"https:\/\/evitrol.store\/da\/wp-json\/wp\/v2\/pages\/14","targetHints":{"allow":["GET"]}}],"collection":[{"href":"https:\/\/evitrol.store\/da\/wp-json\/wp\/v2\/pages"}],"about":[{"href":"https:\/\/evitrol.store\/da\/wp-json\/wp\/v2\/types\/page"}],"author":[{"embeddable":true,"href":"https:\/\/evitrol.store\/da\/wp-json\/wp\/v2\/users\/1"}],"replies":[{"embeddable":true,"href":"https:\/\/evitrol.store\/da\/wp-json\/wp\/v2\/comments?post=14"}],"version-history":[{"count":7,"href":"https:\/\/evitrol.store\/da\/wp-json\/wp\/v2\/pages\/14\/revisions"}],"predecessor-version":[{"id":109,"href":"https:\/\/evitrol.store\/da\/wp-json\/wp\/v2\/pages\/14\/revisions\/109"}],"wp:attachment":[{"href":"https:\/\/evitrol.store\/da\/wp-json\/wp\/v2\/media?parent=14"}],"curies":[{"name":"wp","href":"https:\/\/api.w.org\/{rel}","templated":true}]}}