{"id":14,"date":"2026-02-26T23:52:11","date_gmt":"2026-02-26T23:52:11","guid":{"rendered":"https:\/\/evitrol.store\/?page_id=14"},"modified":"2026-02-27T03:00:25","modified_gmt":"2026-02-27T03:00:25","slug":"rechtliche-hinweise","status":"publish","type":"page","link":"https:\/\/evitrol.store\/de\/rechtliche-hinweise\/","title":{"rendered":"Rechtliche Hinweise"},"content":{"rendered":"<div data-elementor-type=\"wp-page\" data-elementor-id=\"14\" class=\"elementor elementor-14\" data-elementor-post-type=\"page\">\n\t\t\t\t<div class=\"elementor-element elementor-element-2804ede e-flex e-con-boxed e-con e-parent\" data-id=\"2804ede\" data-element_type=\"container\" data-e-type=\"container\">\n\t\t\t\t\t<div class=\"e-con-inner\">\n\t\t\t\t<div class=\"elementor-element elementor-element-fd6fe35 elementor-widget elementor-widget-heading\" data-id=\"fd6fe35\" data-element_type=\"widget\" data-e-type=\"widget\" data-widget_type=\"heading.default\">\n\t\t\t\t\t<h1 class=\"elementor-heading-title elementor-size-default\">Rechtliche Hinweise<\/h1>\t\t\t\t<\/div>\n\t\t\t\t<div class=\"elementor-element elementor-element-69d7bce elementor-widget elementor-widget-text-editor\" data-id=\"69d7bce\" data-element_type=\"widget\" data-e-type=\"widget\" data-widget_type=\"text-editor.default\">\n\t\t\t\t\t\t\t\t\t<p><strong>Identifikation<\/strong><br \/>Name der Website: Evitrol.store<br \/>URL der Website: https:\/\/Evitrol.store<br \/>Eigent\u00fcmer und Verantwortlicher f\u00fcr die Ver\u00f6ffentlichung: Evitrol.store<br \/>Unterkunft: Hostinger, \u0160vitrigailos g. 32, 03111 Vilnius, Litauen<\/p><p><strong>Bedingungen f\u00fcr die Nutzung<\/strong><br \/>Die Konsultation von Evitrol.store unterliegt der Einhaltung der Nutzungsbedingungen, die auf der Seite mit den Allgemeinen Nutzungsbedingungen (AGB) beschrieben sind, mit denen diese rechtlichen Hinweise \u00fcbereinstimmen und keine Redundanz aufweisen.<\/p><p><strong>Affiliate-Links<\/strong><\/p><p>Diese Website kann Affiliate-Links zu Gesch\u00e4ftspartnern enthalten. Das bedeutet, dass wir eine Provision erhalten k\u00f6nnen, wenn Sie \u00fcber diese Links einen Kauf t\u00e4tigen, ohne dass Ihnen dadurch zus\u00e4tzliche Kosten entstehen.<\/p><p><strong>Geistiges Eigentum<\/strong><br \/>Alle auf Evitrol.store ver\u00f6ffentlichten Inhalte, einschlie\u00dflich Text, Bilder, Grafiken und Logo, sind urheberrechtlich gesch\u00fctzt. Jede unerlaubte Nutzung kann zu rechtlichen Schritten f\u00fchren.<\/p><p><strong>Beschr\u00e4nkung der Haftung<\/strong><br \/>Evitrol.store bem\u00fcht sich, die Informationen auf der Website auf dem neuesten Stand zu halten, dennoch kann es zu Ungenauigkeiten oder Auslassungen kommen.<\/p><h4 class=\"wp-block-heading\"><strong>Datenschutzrichtlinie<\/strong><\/h4><p><strong>Erhebung und Verwendung pers\u00f6nlicher Daten<\/strong><br \/>Die auf Evitrol.store gesammelten pers\u00f6nlichen Daten sind ausschlie\u00dflich f\u00fcr den internen Gebrauch von Evitrol.store bestimmt. In \u00dcbereinstimmung mit der Politik der Nichtweitergabe von Informationen werden diese Daten nicht an Dritte weitergegeben.<\/p><p><strong>Rechte der Nutzer<\/strong><br \/>Gem\u00e4\u00df den gesetzlichen Bestimmungen haben Sie das Recht, auf die Sie betreffenden Daten zuzugreifen, sie zu berichtigen und zu l\u00f6schen. Diese Rechte k\u00f6nnen Sie aus\u00fcben, indem Sie Evitrol.store unter der oben genannten E-Mail-Adresse kontaktieren.<\/p><p><strong>Cookies<\/strong><br \/>Die Cookie-Richtlinie wird in den Allgemeinen Gesch\u00e4ftsbedingungen (AGB) von Evitrol.store ausf\u00fchrlich erl\u00e4utert. Wir verwenden Cookies, um Ihre Nutzererfahrung zu verbessern, ohne Informationen weiterzuverkaufen.<\/p><p><strong>Hyperlinks und anwendbares Recht<\/strong><br \/>Hyperlinks zu anderen Seiten bedeuten nicht, dass Evitrol.store f\u00fcr den Inhalt dieser Seiten verantwortlich ist.<\/p>\t\t\t\t\t\t\t\t<\/div>\n\t\t\t\t\t<\/div>\n\t\t\t\t<\/div>\n\t\t\t\t<\/div>","protected":false},"excerpt":{"rendered":"<p>Mentions L\u00e9gales IdentificationNom du site web : Evitrol.storeURL du site : https:\/\/Evitrol.storePropri\u00e9taire et responsable de la publication : Evitrol.storeH\u00e9bergement : Hostinger, \u0160vitrigailos g. 32, 03111 Vilnius, Lituanie Conditions d\u2019utilisationLa consultation de Evitrol.store est soumise au respect des conditions d\u2019utilisation d\u00e9crites dans la page des Conditions G\u00e9n\u00e9rales d\u2019Utilisation (CGU), avec lesquelles ces mentions l\u00e9gales sont coh\u00e9rentes [&hellip;]<\/p>\n","protected":false},"author":1,"featured_media":0,"parent":0,"menu_order":0,"comment_status":"closed","ping_status":"closed","template":"","meta":{"footnotes":""},"class_list":["post-14","page","type-page","status-publish","hentry"],"_hostinger_reach_plugin_has_subscription_block":false,"_hostinger_reach_plugin_is_elementor":false,"_links":{"self":[{"href":"https:\/\/evitrol.store\/de\/wp-json\/wp\/v2\/pages\/14","targetHints":{"allow":["GET"]}}],"collection":[{"href":"https:\/\/evitrol.store\/de\/wp-json\/wp\/v2\/pages"}],"about":[{"href":"https:\/\/evitrol.store\/de\/wp-json\/wp\/v2\/types\/page"}],"author":[{"embeddable":true,"href":"https:\/\/evitrol.store\/de\/wp-json\/wp\/v2\/users\/1"}],"replies":[{"embeddable":true,"href":"https:\/\/evitrol.store\/de\/wp-json\/wp\/v2\/comments?post=14"}],"version-history":[{"count":7,"href":"https:\/\/evitrol.store\/de\/wp-json\/wp\/v2\/pages\/14\/revisions"}],"predecessor-version":[{"id":109,"href":"https:\/\/evitrol.store\/de\/wp-json\/wp\/v2\/pages\/14\/revisions\/109"}],"wp:attachment":[{"href":"https:\/\/evitrol.store\/de\/wp-json\/wp\/v2\/media?parent=14"}],"curies":[{"name":"wp","href":"https:\/\/api.w.org\/{rel}","templated":true}]}}