{"id":14,"date":"2026-02-26T23:52:11","date_gmt":"2026-02-26T23:52:11","guid":{"rendered":"https:\/\/evitrol.store\/?page_id=14"},"modified":"2026-02-27T03:00:25","modified_gmt":"2026-02-27T03:00:25","slug":"legal-information","status":"publish","type":"page","link":"https:\/\/evitrol.store\/en\/legal-information\/","title":{"rendered":"Legal information"},"content":{"rendered":"<div data-elementor-type=\"wp-page\" data-elementor-id=\"14\" class=\"elementor elementor-14\" data-elementor-post-type=\"page\">\n\t\t\t\t<div class=\"elementor-element elementor-element-2804ede e-flex e-con-boxed e-con e-parent\" data-id=\"2804ede\" data-element_type=\"container\" data-e-type=\"container\">\n\t\t\t\t\t<div class=\"e-con-inner\">\n\t\t\t\t<div class=\"elementor-element elementor-element-fd6fe35 elementor-widget elementor-widget-heading\" data-id=\"fd6fe35\" data-element_type=\"widget\" data-e-type=\"widget\" data-widget_type=\"heading.default\">\n\t\t\t\t\t<h1 class=\"elementor-heading-title elementor-size-default\">Legal information<\/h1>\t\t\t\t<\/div>\n\t\t\t\t<div class=\"elementor-element elementor-element-69d7bce elementor-widget elementor-widget-text-editor\" data-id=\"69d7bce\" data-element_type=\"widget\" data-e-type=\"widget\" data-widget_type=\"text-editor.default\">\n\t\t\t\t\t\t\t\t\t<p><strong>Identification<\/strong><br \/>Website name : Evitrol.store<br \/>Site URL: https:\/\/Evitrol.store<br \/>Owner and publication manager: Evitrol.store<br \/>Accommodation: Hostinger, \u0160vitrigailos g. 32, 03111 Vilnius, Lithuania<\/p><p><strong>Terms and conditions of use<\/strong><br \/>Consultation of Evitrol.store is subject to compliance with the conditions of use described on the General Terms of Use (GTU) page, with which these legal notices are consistent and do not present any redundancy.<\/p><p><strong>Affiliate links<\/strong><\/p><p>This site may contain affiliate links to commercial partners. This means that we may receive a commission if you make a purchase via these links, at no extra cost to you.<\/p><p><strong>Intellectual property<\/strong><br \/>All content published on Evitrol.store, including text, images, graphics, and logos, is protected by copyright. Any unauthorized use may result in legal action.<\/p><p><strong>Limitation of liability<\/strong><br \/>Evitrol.store endeavours to keep the information on the site up to date, but inaccuracies or omissions may occur.<\/p><h4 class=\"wp-block-heading\"><strong>Privacy Policy<\/strong><\/h4><p><strong>Collection and use of personal data<\/strong><br \/>The personal data collected on Evitrol.store are exclusively intended for the internal use of Evitrol.store. In accordance with the policy of non-re-sale of information, this data is not passed on to third parties.<\/p><p><strong>User rights<\/strong><br \/>In accordance with the regulations, you have the right to access, rectify and delete data concerning you. These rights may be exercised by contacting Evitrol.store at the email address given above.<\/p><p><strong>Cookies<\/strong><br \/>The policy relating to cookies is detailed in the Evitrol.store General Terms and Conditions of Use (GTCU). We use cookies to improve your user experience without selling any information.<\/p><p><strong>Hypertext links and applicable law<\/strong><br \/>Evitrol.store cannot be held responsible for the content of other websites linked to this site.<\/p>\t\t\t\t\t\t\t\t<\/div>\n\t\t\t\t\t<\/div>\n\t\t\t\t<\/div>\n\t\t\t\t<\/div>","protected":false},"excerpt":{"rendered":"<p>Mentions L\u00e9gales IdentificationNom du site web : Evitrol.storeURL du site : https:\/\/Evitrol.storePropri\u00e9taire et responsable de la publication : Evitrol.storeH\u00e9bergement : Hostinger, \u0160vitrigailos g. 32, 03111 Vilnius, Lituanie Conditions d\u2019utilisationLa consultation de Evitrol.store est soumise au respect des conditions d\u2019utilisation d\u00e9crites dans la page des Conditions G\u00e9n\u00e9rales d\u2019Utilisation (CGU), avec lesquelles ces mentions l\u00e9gales sont coh\u00e9rentes [&hellip;]<\/p>\n","protected":false},"author":1,"featured_media":0,"parent":0,"menu_order":0,"comment_status":"closed","ping_status":"closed","template":"","meta":{"footnotes":""},"class_list":["post-14","page","type-page","status-publish","hentry"],"_hostinger_reach_plugin_has_subscription_block":false,"_hostinger_reach_plugin_is_elementor":false,"_links":{"self":[{"href":"https:\/\/evitrol.store\/en\/wp-json\/wp\/v2\/pages\/14","targetHints":{"allow":["GET"]}}],"collection":[{"href":"https:\/\/evitrol.store\/en\/wp-json\/wp\/v2\/pages"}],"about":[{"href":"https:\/\/evitrol.store\/en\/wp-json\/wp\/v2\/types\/page"}],"author":[{"embeddable":true,"href":"https:\/\/evitrol.store\/en\/wp-json\/wp\/v2\/users\/1"}],"replies":[{"embeddable":true,"href":"https:\/\/evitrol.store\/en\/wp-json\/wp\/v2\/comments?post=14"}],"version-history":[{"count":7,"href":"https:\/\/evitrol.store\/en\/wp-json\/wp\/v2\/pages\/14\/revisions"}],"predecessor-version":[{"id":109,"href":"https:\/\/evitrol.store\/en\/wp-json\/wp\/v2\/pages\/14\/revisions\/109"}],"wp:attachment":[{"href":"https:\/\/evitrol.store\/en\/wp-json\/wp\/v2\/media?parent=14"}],"curies":[{"name":"wp","href":"https:\/\/api.w.org\/{rel}","templated":true}]}}