{"id":14,"date":"2026-02-26T23:52:11","date_gmt":"2026-02-26T23:52:11","guid":{"rendered":"https:\/\/evitrol.store\/?page_id=14"},"modified":"2026-02-27T03:00:25","modified_gmt":"2026-02-27T03:00:25","slug":"oikeudelliset-tiedot","status":"publish","type":"page","link":"https:\/\/evitrol.store\/fi\/oikeudelliset-tiedot\/","title":{"rendered":"Oikeudelliset tiedot"},"content":{"rendered":"<div data-elementor-type=\"wp-page\" data-elementor-id=\"14\" class=\"elementor elementor-14\" data-elementor-post-type=\"page\">\n\t\t\t\t<div class=\"elementor-element elementor-element-2804ede e-flex e-con-boxed e-con e-parent\" data-id=\"2804ede\" data-element_type=\"container\" data-e-type=\"container\">\n\t\t\t\t\t<div class=\"e-con-inner\">\n\t\t\t\t<div class=\"elementor-element elementor-element-fd6fe35 elementor-widget elementor-widget-heading\" data-id=\"fd6fe35\" data-element_type=\"widget\" data-e-type=\"widget\" data-widget_type=\"heading.default\">\n\t\t\t\t\t<h1 class=\"elementor-heading-title elementor-size-default\">Oikeudelliset tiedot<\/h1>\t\t\t\t<\/div>\n\t\t\t\t<div class=\"elementor-element elementor-element-69d7bce elementor-widget elementor-widget-text-editor\" data-id=\"69d7bce\" data-element_type=\"widget\" data-e-type=\"widget\" data-widget_type=\"text-editor.default\">\n\t\t\t\t\t\t\t\t\t<p><strong>Tunnistaminen<\/strong><br \/>Verkkosivuston nimi : Evitrol.store<br \/>Sivuston URL-osoite: https:\/\/Evitrol.store<br \/>Omistaja ja julkaisup\u00e4\u00e4llikk\u00f6: Evitrol.store<br \/>Majoitus: Hostinger, \u0160vitrigailos g. 32, 03111 Vilnius, Liettua<\/p><p><strong>K\u00e4ytt\u00f6ehdot ja -ehdot<\/strong><br \/>Evitrol.store-sivuston k\u00e4ytt\u00e4minen edellytt\u00e4\u00e4 Yleiset k\u00e4ytt\u00f6ehdot -sivulla kuvattujen k\u00e4ytt\u00f6ehtojen noudattamista, joiden kanssa n\u00e4m\u00e4 oikeudelliset huomautukset ovat johdonmukaisia eiv\u00e4tk\u00e4 ole tarpeettomia.<\/p><p><strong>Affiliate-linkit<\/strong><\/p><p>T\u00e4m\u00e4 sivusto voi sis\u00e4lt\u00e4\u00e4 affiliate-linkkej\u00e4 kaupallisiin kumppaneihin. T\u00e4m\u00e4 tarkoittaa, ett\u00e4 saatamme saada palkkion, jos teet ostoksen n\u00e4iden linkkien kautta, ilman lis\u00e4kustannuksia sinulle.<\/p><p><strong>Immateriaalioikeudet<\/strong><br \/>Kaikki Evitrol.store-sivustolla julkaistu sis\u00e4lt\u00f6, mukaan lukien teksti, kuvat, grafiikka ja logot, on suojattu tekij\u00e4noikeudella. Luvaton k\u00e4ytt\u00f6 voi johtaa oikeudellisiin toimiin.<\/p><p><strong>Vastuun rajoittaminen<\/strong><br \/>Evitrol.store pyrkii pit\u00e4m\u00e4\u00e4n sivustolla olevat tiedot ajan tasalla, mutta ep\u00e4tarkkuuksia tai puutteita voi esiinty\u00e4.<\/p><h4 class=\"wp-block-heading\"><strong>Tietosuojak\u00e4yt\u00e4nt\u00f6<\/strong><\/h4><p><strong>Henkil\u00f6tietojen ker\u00e4\u00e4minen ja k\u00e4ytt\u00f6<\/strong><br \/>Evitrol.store-sivustolla ker\u00e4tyt henkil\u00f6tiedot on tarkoitettu yksinomaan Evitrol.store-sivuston sis\u00e4iseen k\u00e4ytt\u00f6\u00f6n. Tietoja ei luovuteta kolmansille osapuolille tietojen j\u00e4lleenmyyntikiellon periaatteen mukaisesti.<\/p><p><strong>K\u00e4ytt\u00e4j\u00e4n oikeudet<\/strong><br \/>S\u00e4\u00e4d\u00f6sten mukaisesti sinulla on oikeus tutustua itse\u00e4si koskeviin tietoihin, oikaista niit\u00e4 ja poistaa ne. N\u00e4it\u00e4 oikeuksia voi k\u00e4ytt\u00e4\u00e4 ottamalla yhteytt\u00e4 Evitrol.storeen edell\u00e4 mainittuun s\u00e4hk\u00f6postiosoitteeseen.<\/p><p><strong>Ev\u00e4steet<\/strong><br \/>Ev\u00e4steit\u00e4 koskeva k\u00e4yt\u00e4nt\u00f6 on esitetty yksityiskohtaisesti Evitrol.store-sivuston yleisiss\u00e4 k\u00e4ytt\u00f6ehdoissa (GTCU). K\u00e4yt\u00e4mme ev\u00e4steit\u00e4 parantaaksemme k\u00e4ytt\u00f6kokemustasi myym\u00e4tt\u00e4 mit\u00e4\u00e4n tietoja.<\/p><p><strong>Hyperlinkit ja sovellettava lains\u00e4\u00e4d\u00e4nt\u00f6<\/strong><br \/>Evitrol.store ei ole vastuussa muiden sivustoon linkitettyjen sivustojen sis\u00e4ll\u00f6st\u00e4.<\/p>\t\t\t\t\t\t\t\t<\/div>\n\t\t\t\t\t<\/div>\n\t\t\t\t<\/div>\n\t\t\t\t<\/div>","protected":false},"excerpt":{"rendered":"<p>Mentions L\u00e9gales IdentificationNom du site web : Evitrol.storeURL du site : https:\/\/Evitrol.storePropri\u00e9taire et responsable de la publication : Evitrol.storeH\u00e9bergement : Hostinger, \u0160vitrigailos g. 32, 03111 Vilnius, Lituanie Conditions d\u2019utilisationLa consultation de Evitrol.store est soumise au respect des conditions d\u2019utilisation d\u00e9crites dans la page des Conditions G\u00e9n\u00e9rales d\u2019Utilisation (CGU), avec lesquelles ces mentions l\u00e9gales sont coh\u00e9rentes [&hellip;]<\/p>\n","protected":false},"author":1,"featured_media":0,"parent":0,"menu_order":0,"comment_status":"closed","ping_status":"closed","template":"","meta":{"footnotes":""},"class_list":["post-14","page","type-page","status-publish","hentry"],"_hostinger_reach_plugin_has_subscription_block":false,"_hostinger_reach_plugin_is_elementor":false,"_links":{"self":[{"href":"https:\/\/evitrol.store\/fi\/wp-json\/wp\/v2\/pages\/14","targetHints":{"allow":["GET"]}}],"collection":[{"href":"https:\/\/evitrol.store\/fi\/wp-json\/wp\/v2\/pages"}],"about":[{"href":"https:\/\/evitrol.store\/fi\/wp-json\/wp\/v2\/types\/page"}],"author":[{"embeddable":true,"href":"https:\/\/evitrol.store\/fi\/wp-json\/wp\/v2\/users\/1"}],"replies":[{"embeddable":true,"href":"https:\/\/evitrol.store\/fi\/wp-json\/wp\/v2\/comments?post=14"}],"version-history":[{"count":7,"href":"https:\/\/evitrol.store\/fi\/wp-json\/wp\/v2\/pages\/14\/revisions"}],"predecessor-version":[{"id":109,"href":"https:\/\/evitrol.store\/fi\/wp-json\/wp\/v2\/pages\/14\/revisions\/109"}],"wp:attachment":[{"href":"https:\/\/evitrol.store\/fi\/wp-json\/wp\/v2\/media?parent=14"}],"curies":[{"name":"wp","href":"https:\/\/api.w.org\/{rel}","templated":true}]}}