{"id":14,"date":"2026-02-26T23:52:11","date_gmt":"2026-02-26T23:52:11","guid":{"rendered":"https:\/\/evitrol.store\/?page_id=14"},"modified":"2026-02-27T03:00:25","modified_gmt":"2026-02-27T03:00:25","slug":"juridisk-information","status":"publish","type":"page","link":"https:\/\/evitrol.store\/sv\/juridisk-information\/","title":{"rendered":"Juridisk information"},"content":{"rendered":"<div data-elementor-type=\"wp-page\" data-elementor-id=\"14\" class=\"elementor elementor-14\" data-elementor-post-type=\"page\">\n\t\t\t\t<div class=\"elementor-element elementor-element-2804ede e-flex e-con-boxed e-con e-parent\" data-id=\"2804ede\" data-element_type=\"container\" data-e-type=\"container\">\n\t\t\t\t\t<div class=\"e-con-inner\">\n\t\t\t\t<div class=\"elementor-element elementor-element-fd6fe35 elementor-widget elementor-widget-heading\" data-id=\"fd6fe35\" data-element_type=\"widget\" data-e-type=\"widget\" data-widget_type=\"heading.default\">\n\t\t\t\t\t<h1 class=\"elementor-heading-title elementor-size-default\">Juridisk information<\/h1>\t\t\t\t<\/div>\n\t\t\t\t<div class=\"elementor-element elementor-element-69d7bce elementor-widget elementor-widget-text-editor\" data-id=\"69d7bce\" data-element_type=\"widget\" data-e-type=\"widget\" data-widget_type=\"text-editor.default\">\n\t\t\t\t\t\t\t\t\t<p><strong>Identifiering<\/strong><br \/>Webbplatsens namn : Evitrol.store<br \/>Webbplatsens URL: https:\/\/Evitrol.store<br \/>\u00c4gare och ansvarig utgivare: Evitrol.store<br \/>Boende: Hostinger, \u0160vitrigailos g. 32, 03111 Vilnius, Litauen<\/p><p><strong>Villkor och anvisningar f\u00f6r anv\u00e4ndning<\/strong><br \/>Konsultation av Evitrol.store \u00e4r f\u00f6rem\u00e5l f\u00f6r efterlevnad av anv\u00e4ndningsvillkoren som beskrivs p\u00e5 sidan Allm\u00e4nna anv\u00e4ndarvillkor (GTU), med vilka dessa juridiska meddelanden \u00e4r konsekventa och inte presenterar n\u00e5gon redundans.<\/p><p><strong>Affiliate-l\u00e4nkar<\/strong><\/p><p>Denna webbplats kan inneh\u00e5lla affiliatel\u00e4nkar till kommersiella partners. Det inneb\u00e4r att vi kan f\u00e5 en provision om du g\u00f6r ett k\u00f6p via dessa l\u00e4nkar, utan n\u00e5gon extra kostnad f\u00f6r dig.<\/p><p><strong>Immateriella r\u00e4ttigheter<\/strong><br \/>Allt inneh\u00e5ll som publiceras p\u00e5 Evitrol.store, inklusive text, bilder, grafik och logotyper, \u00e4r skyddat av upphovsr\u00e4tt. All obeh\u00f6rig anv\u00e4ndning kan leda till r\u00e4ttsliga \u00e5tg\u00e4rder.<\/p><p><strong>Begr\u00e4nsning av ansvar<\/strong><br \/>Evitrol.store str\u00e4var efter att h\u00e5lla informationen p\u00e5 webbplatsen uppdaterad, men felaktigheter eller utel\u00e4mnanden kan f\u00f6rekomma.<\/p><h4 class=\"wp-block-heading\"><strong>Integritetspolicy<\/strong><\/h4><p><strong>Insamling och anv\u00e4ndning av personuppgifter<\/strong><br \/>De personuppgifter som samlas in p\u00e5 Evitrol.store \u00e4r uteslutande avsedda f\u00f6r intern anv\u00e4ndning av Evitrol.store. I enlighet med policyn om icke-\u00e5terf\u00f6rs\u00e4ljning av information vidarebefordras inte dessa uppgifter till tredje part.<\/p><p><strong>Anv\u00e4ndarr\u00e4ttigheter<\/strong><br \/>I enlighet med best\u00e4mmelserna har du r\u00e4tt att f\u00e5 tillg\u00e5ng till, korrigera och radera uppgifter som r\u00f6r dig. Dessa r\u00e4ttigheter kan ut\u00f6vas genom att kontakta Evitrol.store p\u00e5 den e-postadress som anges ovan.<\/p><p><strong>Kakor<\/strong><br \/>Policyn f\u00f6r cookies beskrivs i Evitrol.stores allm\u00e4nna villkor f\u00f6r anv\u00e4ndning (GTCU). Vi anv\u00e4nder cookies f\u00f6r att f\u00f6rb\u00e4ttra din anv\u00e4ndarupplevelse utan att s\u00e4lja n\u00e5gon information.<\/p><p><strong>Hypertextl\u00e4nkar och till\u00e4mplig lag<\/strong><br \/>Evitrol.store kan inte h\u00e5llas ansvarig f\u00f6r inneh\u00e5llet p\u00e5 andra webbplatser som den l\u00e4nkar till.<\/p>\t\t\t\t\t\t\t\t<\/div>\n\t\t\t\t\t<\/div>\n\t\t\t\t<\/div>\n\t\t\t\t<\/div>","protected":false},"excerpt":{"rendered":"<p>Mentions L\u00e9gales IdentificationNom du site web : Evitrol.storeURL du site : https:\/\/Evitrol.storePropri\u00e9taire et responsable de la publication : Evitrol.storeH\u00e9bergement : Hostinger, \u0160vitrigailos g. 32, 03111 Vilnius, Lituanie Conditions d\u2019utilisationLa consultation de Evitrol.store est soumise au respect des conditions d\u2019utilisation d\u00e9crites dans la page des Conditions G\u00e9n\u00e9rales d\u2019Utilisation (CGU), avec lesquelles ces mentions l\u00e9gales sont coh\u00e9rentes [&hellip;]<\/p>\n","protected":false},"author":1,"featured_media":0,"parent":0,"menu_order":0,"comment_status":"closed","ping_status":"closed","template":"","meta":{"footnotes":""},"class_list":["post-14","page","type-page","status-publish","hentry"],"_hostinger_reach_plugin_has_subscription_block":false,"_hostinger_reach_plugin_is_elementor":false,"_links":{"self":[{"href":"https:\/\/evitrol.store\/sv\/wp-json\/wp\/v2\/pages\/14","targetHints":{"allow":["GET"]}}],"collection":[{"href":"https:\/\/evitrol.store\/sv\/wp-json\/wp\/v2\/pages"}],"about":[{"href":"https:\/\/evitrol.store\/sv\/wp-json\/wp\/v2\/types\/page"}],"author":[{"embeddable":true,"href":"https:\/\/evitrol.store\/sv\/wp-json\/wp\/v2\/users\/1"}],"replies":[{"embeddable":true,"href":"https:\/\/evitrol.store\/sv\/wp-json\/wp\/v2\/comments?post=14"}],"version-history":[{"count":7,"href":"https:\/\/evitrol.store\/sv\/wp-json\/wp\/v2\/pages\/14\/revisions"}],"predecessor-version":[{"id":109,"href":"https:\/\/evitrol.store\/sv\/wp-json\/wp\/v2\/pages\/14\/revisions\/109"}],"wp:attachment":[{"href":"https:\/\/evitrol.store\/sv\/wp-json\/wp\/v2\/media?parent=14"}],"curies":[{"name":"wp","href":"https:\/\/api.w.org\/{rel}","templated":true}]}}